{"id":3520,"date":"2025-11-10T15:33:17","date_gmt":"2025-11-10T18:33:17","guid":{"rendered":"https:\/\/ironcase.com.br\/?page_id=3520"},"modified":"2025-11-10T15:35:08","modified_gmt":"2025-11-10T18:35:08","slug":"case-para-aparelho-medico-sob-medida","status":"publish","type":"page","link":"https:\/\/ironcase.com.br\/index.php\/case-para-aparelho-medico-sob-medida\/","title":{"rendered":"Case para aparelho m\u00e9dico sob medida"},"content":{"rendered":"\n<p>O <strong>case para aparelho m\u00e9dico sob medida<\/strong> \u00e9 essencial para garantir seguran\u00e7a e praticidade no transporte de equipamentos sens\u00edveis. Fabricado com materiais de alta resist\u00eancia e acabamento t\u00e9cnico, o <strong>case para aparelho m\u00e9dico sob medida<\/strong> protege contra impactos, umidade e varia\u00e7\u00f5es de temperatura \u2014 fatores cruciais no setor da sa\u00fade.<\/p>\n\n\n\n<p>Empresas que buscam qualidade e personaliza\u00e7\u00e3o encontram no <strong>case para aparelho m\u00e9dico sob medida<\/strong> a solu\u00e7\u00e3o ideal para cl\u00ednicas, hospitais e profissionais que precisam de prote\u00e7\u00e3o confi\u00e1vel. Cada detalhe \u00e9 projetado conforme as dimens\u00f5es e necessidades do equipamento, assegurando durabilidade e um encaixe perfeito.Mais do que um simples acess\u00f3rio, o <strong>case para aparelho m\u00e9dico sob medida<\/strong> representa seguran\u00e7a, efici\u00eancia e imagem profissional para quem atua na \u00e1rea m\u00e9dica.<\/p>\n","protected":false},"excerpt":{"rendered":"<p>O case para aparelho m\u00e9dico sob medida \u00e9 essencial para garantir seguran\u00e7a e praticidade no transporte de equipamentos sens\u00edveis. Fabricado com materiais de alta resist\u00eancia e acabamento t\u00e9cnico, o case para aparelho m\u00e9dico sob medida protege contra impactos, umidade e varia\u00e7\u00f5es de temperatura \u2014 fatores cruciais no setor da sa\u00fade. Empresas que buscam qualidade e personaliza\u00e7\u00e3o encontram no case para aparelho m\u00e9dico sob medida a solu\u00e7\u00e3o ideal para cl\u00ednicas, hospitais e profissionais que precisam de prote\u00e7\u00e3o confi\u00e1vel. Cada detalhe \u00e9 projetado conforme as dimens\u00f5es e necessidades do equipamento, assegurando durabilidade e um encaixe perfeito.Mais do que um simples acess\u00f3rio, o case para aparelho m\u00e9dico sob medida representa seguran\u00e7a, efici\u00eancia e imagem profissional para quem atua na \u00e1rea m\u00e9dica.<\/p>\n","protected":false},"author":1,"featured_media":0,"parent":0,"menu_order":0,"comment_status":"closed","ping_status":"closed","template":"","meta":{"footnotes":""},"class_list":["post-3520","page","type-page","status-publish","hentry"],"_links":{"self":[{"href":"https:\/\/ironcase.com.br\/index.php\/wp-json\/wp\/v2\/pages\/3520","targetHints":{"allow":["GET"]}}],"collection":[{"href":"https:\/\/ironcase.com.br\/index.php\/wp-json\/wp\/v2\/pages"}],"about":[{"href":"https:\/\/ironcase.com.br\/index.php\/wp-json\/wp\/v2\/types\/page"}],"author":[{"embeddable":true,"href":"https:\/\/ironcase.com.br\/index.php\/wp-json\/wp\/v2\/users\/1"}],"replies":[{"embeddable":true,"href":"https:\/\/ironcase.com.br\/index.php\/wp-json\/wp\/v2\/comments?post=3520"}],"version-history":[{"count":2,"href":"https:\/\/ironcase.com.br\/index.php\/wp-json\/wp\/v2\/pages\/3520\/revisions"}],"predecessor-version":[{"id":3522,"href":"https:\/\/ironcase.com.br\/index.php\/wp-json\/wp\/v2\/pages\/3520\/revisions\/3522"}],"wp:attachment":[{"href":"https:\/\/ironcase.com.br\/index.php\/wp-json\/wp\/v2\/media?parent=3520"}],"curies":[{"name":"wp","href":"https:\/\/api.w.org\/{rel}","templated":true}]}}