{"id":3523,"date":"2025-11-10T15:36:38","date_gmt":"2025-11-10T18:36:38","guid":{"rendered":"https:\/\/ironcase.com.br\/?page_id=3523"},"modified":"2025-11-10T15:36:54","modified_gmt":"2025-11-10T18:36:54","slug":"cases-hospitalares-profissionais","status":"publish","type":"page","link":"https:\/\/ironcase.com.br\/index.php\/cases-hospitalares-profissionais\/","title":{"rendered":"Cases hospitalares profissionais"},"content":{"rendered":"\n<p>Os <strong>cases hospitalares profissionais<\/strong> foram desenvolvidos para oferecer m\u00e1xima prote\u00e7\u00e3o e organiza\u00e7\u00e3o no transporte de equipamentos m\u00e9dicos e instrumentos sens\u00edveis. Produzidos com estrutura refor\u00e7ada, os <strong>cases hospitalares profissionais<\/strong> mant\u00eam a integridade dos aparelhos durante deslocamentos, evitando danos e garantindo esterilidade.<\/p>\n\n\n\n<p>Cada projeto \u00e9 pensado para atender \u00e0s exig\u00eancias do setor da sa\u00fade, unindo design t\u00e9cnico, leveza e durabilidade. Os <strong>cases hospitalares profissionais<\/strong> s\u00e3o ideais para hospitais, cl\u00ednicas, laborat\u00f3rios e distribuidores que valorizam seguran\u00e7a e efici\u00eancia no manuseio de seus produtos.<\/p>\n\n\n\n<p>Investir em <strong>cases hospitalares profissionais<\/strong> \u00e9 garantir mais qualidade, praticidade e credibilidade no ambiente m\u00e9dico.<\/p>\n","protected":false},"excerpt":{"rendered":"<p>Os cases hospitalares profissionais foram desenvolvidos para oferecer m\u00e1xima prote\u00e7\u00e3o e organiza\u00e7\u00e3o no transporte de equipamentos m\u00e9dicos e instrumentos sens\u00edveis. Produzidos com estrutura refor\u00e7ada, os cases hospitalares profissionais mant\u00eam a integridade dos aparelhos durante deslocamentos, evitando danos e garantindo esterilidade. Cada projeto \u00e9 pensado para atender \u00e0s exig\u00eancias do setor da sa\u00fade, unindo design t\u00e9cnico, leveza e durabilidade. Os cases hospitalares profissionais s\u00e3o ideais para hospitais, cl\u00ednicas, laborat\u00f3rios e distribuidores que valorizam seguran\u00e7a e efici\u00eancia no manuseio de seus produtos. Investir em cases hospitalares profissionais \u00e9 garantir mais qualidade, praticidade e credibilidade no ambiente m\u00e9dico.<\/p>\n","protected":false},"author":1,"featured_media":0,"parent":0,"menu_order":0,"comment_status":"closed","ping_status":"closed","template":"","meta":{"footnotes":""},"class_list":["post-3523","page","type-page","status-publish","hentry"],"_links":{"self":[{"href":"https:\/\/ironcase.com.br\/index.php\/wp-json\/wp\/v2\/pages\/3523","targetHints":{"allow":["GET"]}}],"collection":[{"href":"https:\/\/ironcase.com.br\/index.php\/wp-json\/wp\/v2\/pages"}],"about":[{"href":"https:\/\/ironcase.com.br\/index.php\/wp-json\/wp\/v2\/types\/page"}],"author":[{"embeddable":true,"href":"https:\/\/ironcase.com.br\/index.php\/wp-json\/wp\/v2\/users\/1"}],"replies":[{"embeddable":true,"href":"https:\/\/ironcase.com.br\/index.php\/wp-json\/wp\/v2\/comments?post=3523"}],"version-history":[{"count":1,"href":"https:\/\/ironcase.com.br\/index.php\/wp-json\/wp\/v2\/pages\/3523\/revisions"}],"predecessor-version":[{"id":3524,"href":"https:\/\/ironcase.com.br\/index.php\/wp-json\/wp\/v2\/pages\/3523\/revisions\/3524"}],"wp:attachment":[{"href":"https:\/\/ironcase.com.br\/index.php\/wp-json\/wp\/v2\/media?parent=3523"}],"curies":[{"name":"wp","href":"https:\/\/api.w.org\/{rel}","templated":true}]}}