{"id":3525,"date":"2025-11-10T15:38:53","date_gmt":"2025-11-10T18:38:53","guid":{"rendered":"https:\/\/ironcase.com.br\/?page_id=3525"},"modified":"2025-11-10T15:39:10","modified_gmt":"2025-11-10T18:39:10","slug":"industria-de-cases-personalizados","status":"publish","type":"page","link":"https:\/\/ironcase.com.br\/index.php\/industria-de-cases-personalizados\/","title":{"rendered":"Ind\u00fastria de cases personalizados"},"content":{"rendered":"\n<p>A <strong>ind\u00fastria de cases personalizados<\/strong> \u00e9 respons\u00e1vel por criar solu\u00e7\u00f5es sob medida para empresas que necessitam de prote\u00e7\u00e3o e transporte profissional de equipamentos. Com tecnologia de ponta e design t\u00e9cnico, a <strong>ind\u00fastria de cases personalizados<\/strong> transforma cada projeto em uma solu\u00e7\u00e3o exclusiva, alinhada \u00e0s necessidades de diferentes segmentos \u2014 do setor m\u00e9dico ao industrial.<\/p>\n\n\n\n<p>Atrav\u00e9s de processos de fabrica\u00e7\u00e3o precisos e materiais de alta resist\u00eancia, a <strong>ind\u00fastria de cases personalizados<\/strong> entrega produtos de alto desempenho, ideais para quem busca seguran\u00e7a e identidade visual personalizada.<\/p>\n\n\n\n<p>Escolher uma <strong>ind\u00fastria de cases personalizados<\/strong> \u00e9 optar por qualidade, durabilidade e inova\u00e7\u00e3o em cada detalhe.<\/p>\n","protected":false},"excerpt":{"rendered":"<p>A ind\u00fastria de cases personalizados \u00e9 respons\u00e1vel por criar solu\u00e7\u00f5es sob medida para empresas que necessitam de prote\u00e7\u00e3o e transporte profissional de equipamentos. Com tecnologia de ponta e design t\u00e9cnico, a ind\u00fastria de cases personalizados transforma cada projeto em uma solu\u00e7\u00e3o exclusiva, alinhada \u00e0s necessidades de diferentes segmentos \u2014 do setor m\u00e9dico ao industrial. Atrav\u00e9s de processos de fabrica\u00e7\u00e3o precisos e materiais de alta resist\u00eancia, a ind\u00fastria de cases personalizados entrega produtos de alto desempenho, ideais para quem busca seguran\u00e7a e identidade visual personalizada. Escolher uma ind\u00fastria de cases personalizados \u00e9 optar por qualidade, durabilidade e inova\u00e7\u00e3o em cada detalhe.<\/p>\n","protected":false},"author":1,"featured_media":0,"parent":0,"menu_order":0,"comment_status":"closed","ping_status":"closed","template":"","meta":{"footnotes":""},"class_list":["post-3525","page","type-page","status-publish","hentry"],"_links":{"self":[{"href":"https:\/\/ironcase.com.br\/index.php\/wp-json\/wp\/v2\/pages\/3525","targetHints":{"allow":["GET"]}}],"collection":[{"href":"https:\/\/ironcase.com.br\/index.php\/wp-json\/wp\/v2\/pages"}],"about":[{"href":"https:\/\/ironcase.com.br\/index.php\/wp-json\/wp\/v2\/types\/page"}],"author":[{"embeddable":true,"href":"https:\/\/ironcase.com.br\/index.php\/wp-json\/wp\/v2\/users\/1"}],"replies":[{"embeddable":true,"href":"https:\/\/ironcase.com.br\/index.php\/wp-json\/wp\/v2\/comments?post=3525"}],"version-history":[{"count":1,"href":"https:\/\/ironcase.com.br\/index.php\/wp-json\/wp\/v2\/pages\/3525\/revisions"}],"predecessor-version":[{"id":3526,"href":"https:\/\/ironcase.com.br\/index.php\/wp-json\/wp\/v2\/pages\/3525\/revisions\/3526"}],"wp:attachment":[{"href":"https:\/\/ironcase.com.br\/index.php\/wp-json\/wp\/v2\/media?parent=3525"}],"curies":[{"name":"wp","href":"https:\/\/api.w.org\/{rel}","templated":true}]}}