{"id":3527,"date":"2025-11-10T15:40:58","date_gmt":"2025-11-10T18:40:58","guid":{"rendered":"https:\/\/ironcase.com.br\/?page_id=3527"},"modified":"2025-11-10T15:41:14","modified_gmt":"2025-11-10T18:41:14","slug":"case-sob-medida-para-equipamentos-industriais","status":"publish","type":"page","link":"https:\/\/ironcase.com.br\/index.php\/case-sob-medida-para-equipamentos-industriais\/","title":{"rendered":"Case sob medida para equipamentos industriais"},"content":{"rendered":"\n<p>O <strong>case sob medida para equipamentos industriais<\/strong> \u00e9 a escolha certa para quem busca prote\u00e7\u00e3o e organiza\u00e7\u00e3o em ambientes de alto desempenho. Projetado para resistir a impactos e varia\u00e7\u00f5es de temperatura, o <strong>case sob medida para equipamentos industriais<\/strong> garante o transporte seguro de ferramentas, instrumentos e dispositivos t\u00e9cnicos.<\/p>\n\n\n\n<p>Cada <strong>case sob medida para equipamentos industriais<\/strong> \u00e9 desenvolvido com materiais de alta resist\u00eancia, estrutura refor\u00e7ada e acabamento t\u00e9cnico, proporcionando durabilidade e est\u00e9tica profissional.<\/p>\n\n\n\n<p>Empresas que valorizam efici\u00eancia e seguran\u00e7a confiam no <strong>case sob medida para equipamentos industriais<\/strong> como parte essencial da rotina produtiva.<\/p>\n","protected":false},"excerpt":{"rendered":"<p>O case sob medida para equipamentos industriais \u00e9 a escolha certa para quem busca prote\u00e7\u00e3o e organiza\u00e7\u00e3o em ambientes de alto desempenho. Projetado para resistir a impactos e varia\u00e7\u00f5es de temperatura, o case sob medida para equipamentos industriais garante o transporte seguro de ferramentas, instrumentos e dispositivos t\u00e9cnicos. Cada case sob medida para equipamentos industriais \u00e9 desenvolvido com materiais de alta resist\u00eancia, estrutura refor\u00e7ada e acabamento t\u00e9cnico, proporcionando durabilidade e est\u00e9tica profissional. Empresas que valorizam efici\u00eancia e seguran\u00e7a confiam no case sob medida para equipamentos industriais como parte essencial da rotina produtiva.<\/p>\n","protected":false},"author":1,"featured_media":0,"parent":0,"menu_order":0,"comment_status":"closed","ping_status":"closed","template":"","meta":{"footnotes":""},"class_list":["post-3527","page","type-page","status-publish","hentry"],"_links":{"self":[{"href":"https:\/\/ironcase.com.br\/index.php\/wp-json\/wp\/v2\/pages\/3527","targetHints":{"allow":["GET"]}}],"collection":[{"href":"https:\/\/ironcase.com.br\/index.php\/wp-json\/wp\/v2\/pages"}],"about":[{"href":"https:\/\/ironcase.com.br\/index.php\/wp-json\/wp\/v2\/types\/page"}],"author":[{"embeddable":true,"href":"https:\/\/ironcase.com.br\/index.php\/wp-json\/wp\/v2\/users\/1"}],"replies":[{"embeddable":true,"href":"https:\/\/ironcase.com.br\/index.php\/wp-json\/wp\/v2\/comments?post=3527"}],"version-history":[{"count":1,"href":"https:\/\/ironcase.com.br\/index.php\/wp-json\/wp\/v2\/pages\/3527\/revisions"}],"predecessor-version":[{"id":3528,"href":"https:\/\/ironcase.com.br\/index.php\/wp-json\/wp\/v2\/pages\/3527\/revisions\/3528"}],"wp:attachment":[{"href":"https:\/\/ironcase.com.br\/index.php\/wp-json\/wp\/v2\/media?parent=3527"}],"curies":[{"name":"wp","href":"https:\/\/api.w.org\/{rel}","templated":true}]}}