{"id":3572,"date":"2026-04-29T14:25:25","date_gmt":"2026-04-29T17:25:25","guid":{"rendered":"https:\/\/ironcase.com.br\/?page_id=3572"},"modified":"2026-04-29T14:25:43","modified_gmt":"2026-04-29T17:25:43","slug":"onde-entrar-cases-hospitalares","status":"publish","type":"page","link":"https:\/\/ironcase.com.br\/index.php\/onde-entrar-cases-hospitalares\/","title":{"rendered":"Onde entrar Cases Hospitalares"},"content":{"rendered":"\n<p>Se voc\u00ea est\u00e1 pesquisando Onde entrar Cases Hospitalares, provavelmente procura uma empresa confi\u00e1vel para desenvolver cases resistentes, personalizados e adequados para equipamentos m\u00e9dicos e hospitalares. A Iron Case oferece solu\u00e7\u00f5es completas para quem precisa proteger aparelhos sens\u00edveis, instrumentos t\u00e9cnicos, equipamentos laboratoriais e dispositivos utilizados na \u00e1rea da sa\u00fade. Ao buscar Onde entrar Cases Hospitalares, \u00e9 importante escolher uma empresa que entenda as exig\u00eancias desse segmento.<\/p>\n\n\n\n<p>Muitos equipamentos hospitalares possuem alto custo, tecnologia embarcada e componentes delicados. Por isso, ao pesquisar Onde entrar Cases Hospitalares, o ideal \u00e9 procurar uma fabricante que desenvolva projetos sob medida, com prote\u00e7\u00e3o interna adequada, estrutura refor\u00e7ada e acabamento profissional. A Iron Case atua justamente nesse ponto, criando cases personalizados para diferentes tipos de equipamentos e necessidades de transporte.<\/p>\n\n\n\n<p>A Iron Case \u00e9 indicada para empresas que precisam transportar, armazenar ou apresentar equipamentos hospitalares de forma segura. Cl\u00ednicas, hospitais, laborat\u00f3rios, distribuidores, representantes comerciais, ind\u00fastrias e assist\u00eancias t\u00e9cnicas podem contar com cases feitos de acordo com suas demandas. Portanto, para quem procura Onde entrar Cases Hospitalares, a Iron Case se apresenta como uma solu\u00e7\u00e3o especializada, com foco em prote\u00e7\u00e3o, resist\u00eancia e personaliza\u00e7\u00e3o.<\/p>\n\n\n\n<p>Al\u00e9m da seguran\u00e7a, os cases da Iron Case tamb\u00e9m valorizam a imagem da empresa. Um equipamento transportado em um case profissional transmite mais confian\u00e7a, organiza\u00e7\u00e3o e cuidado. Por isso, ao pesquisar Onde entrar Cases Hospitalares, considere uma solu\u00e7\u00e3o que una prote\u00e7\u00e3o t\u00e9cnica e apresenta\u00e7\u00e3o profissional. A Iron Case desenvolve cases sob medida para quem n\u00e3o pode correr riscos com equipamentos m\u00e9dicos e hospitalares.<\/p>\n\n\n\n<figure class=\"wp-block-image size-full\"><img fetchpriority=\"high\" decoding=\"async\" width=\"400\" height=\"300\" src=\"https:\/\/ironcase.com.br\/wp-content\/uploads\/2025\/10\/2-9.png\" alt=\"\" class=\"wp-image-3011\"\/><\/figure>\n","protected":false},"excerpt":{"rendered":"<p>Se voc\u00ea est\u00e1 pesquisando Onde entrar Cases Hospitalares, provavelmente procura uma empresa confi\u00e1vel para desenvolver cases resistentes, personalizados e adequados para equipamentos m\u00e9dicos e hospitalares. A Iron Case oferece solu\u00e7\u00f5es completas para quem precisa proteger aparelhos sens\u00edveis, instrumentos t\u00e9cnicos, equipamentos laboratoriais e dispositivos utilizados na \u00e1rea da sa\u00fade. Ao buscar Onde entrar Cases Hospitalares, \u00e9 importante escolher uma empresa que entenda as exig\u00eancias desse segmento. Muitos equipamentos hospitalares possuem alto custo, tecnologia embarcada e componentes delicados. Por isso, ao pesquisar Onde entrar Cases Hospitalares, o ideal \u00e9 procurar uma fabricante que desenvolva projetos sob medida, com prote\u00e7\u00e3o interna adequada, estrutura refor\u00e7ada e acabamento profissional. A Iron Case atua justamente nesse ponto, criando cases personalizados para diferentes tipos de equipamentos e necessidades de transporte. A Iron Case \u00e9 indicada para empresas que precisam transportar, armazenar ou apresentar equipamentos hospitalares de forma segura. Cl\u00ednicas, hospitais, laborat\u00f3rios, distribuidores, representantes comerciais, ind\u00fastrias e assist\u00eancias t\u00e9cnicas podem contar com cases feitos de acordo com suas demandas. Portanto, para quem procura Onde entrar Cases Hospitalares, a Iron Case se apresenta como uma solu\u00e7\u00e3o especializada, com foco em prote\u00e7\u00e3o, resist\u00eancia e personaliza\u00e7\u00e3o. Al\u00e9m da seguran\u00e7a, os cases da Iron Case tamb\u00e9m valorizam a imagem da empresa. Um equipamento transportado em um case profissional transmite mais confian\u00e7a, organiza\u00e7\u00e3o e cuidado. Por isso, ao pesquisar Onde entrar Cases Hospitalares, considere uma solu\u00e7\u00e3o que una prote\u00e7\u00e3o t\u00e9cnica e apresenta\u00e7\u00e3o profissional. A Iron Case desenvolve cases sob medida para quem n\u00e3o pode correr riscos com equipamentos m\u00e9dicos e hospitalares.<\/p>\n","protected":false},"author":1,"featured_media":0,"parent":0,"menu_order":0,"comment_status":"closed","ping_status":"closed","template":"","meta":{"footnotes":""},"class_list":["post-3572","page","type-page","status-publish","hentry"],"_links":{"self":[{"href":"https:\/\/ironcase.com.br\/index.php\/wp-json\/wp\/v2\/pages\/3572","targetHints":{"allow":["GET"]}}],"collection":[{"href":"https:\/\/ironcase.com.br\/index.php\/wp-json\/wp\/v2\/pages"}],"about":[{"href":"https:\/\/ironcase.com.br\/index.php\/wp-json\/wp\/v2\/types\/page"}],"author":[{"embeddable":true,"href":"https:\/\/ironcase.com.br\/index.php\/wp-json\/wp\/v2\/users\/1"}],"replies":[{"embeddable":true,"href":"https:\/\/ironcase.com.br\/index.php\/wp-json\/wp\/v2\/comments?post=3572"}],"version-history":[{"count":1,"href":"https:\/\/ironcase.com.br\/index.php\/wp-json\/wp\/v2\/pages\/3572\/revisions"}],"predecessor-version":[{"id":3573,"href":"https:\/\/ironcase.com.br\/index.php\/wp-json\/wp\/v2\/pages\/3572\/revisions\/3573"}],"wp:attachment":[{"href":"https:\/\/ironcase.com.br\/index.php\/wp-json\/wp\/v2\/media?parent=3572"}],"curies":[{"name":"wp","href":"https:\/\/api.w.org\/{rel}","templated":true}]}}